{"id":87,"date":"2021-04-05T13:41:04","date_gmt":"2021-04-05T17:41:04","guid":{"rendered":"http:\/\/melissa-saretsky.c21.ca\/?page_id=87"},"modified":"2025-03-31T19:17:49","modified_gmt":"2025-04-01T01:17:49","slug":"home-2","status":"publish","type":"page","link":"https:\/\/c21fortsask.ca\/fr-ca","title":{"rendered":"Home"},"content":{"rendered":"\n<h1>\n\t\tFind Your Home in Fort Saskatchewan\n\t<\/h1>\n<h2>\n\t\tThe Community \n\t<\/h2>\n\t<p>The City of Fort Saskatchewan is nestled alongside the beautiful North Saskatchewan River, only 25 kilometres northeast of Edmonton. The iconic water tower is located in the charming downtown, where the city hosts bountiful farmer&#8217;s markets in the summer and ice-staking rinks in the winter.<\/p>\n<p>This mid-size city offers an array of amenities and a warm welcome to visitors. For instance, the Fort has small-town tranquility with big-city services. The wonderful community shops boast locally made products and services, giving the growing city plenty of choices.<\/p>\n<p>Above all, the locals look out for one another, treating everyone like a neighbour, friend, and even family. Lastly, the kindhearted folks will make Fort Saskatchewan feel like home.<\/p>\n<h2>\n\t\tSearch by Community in Fort Saskatchewan\n\t<\/h2>\n\t\t\t\t<a href=\"https:\/\/c21fortsask.ca\/sherridon\" target=\"_blank\" rel=\"noopener\" itemprop=\"url\">\n\t\t\t\t<img decoding=\"async\" src=\"https:\/\/c21fortsask.ca\/files\/2025\/03\/2.jpg\" alt=\"2\" itemprop=\"image\" height=\"600\" width=\"600\" title=\"2\" onerror=\"this.style.display='none'\"  \/>\n\t\t\t\t<\/a>\n<h3><a href=\"https:\/\/c21fortsask.ca\/sherridon\" target=\"_blank\" rel=\"noopener\">Sherrdion<\/a><\/h3>\t\t\n\t\t\t<a href=\"https:\/\/c21fortsask.ca\/sherridon\" target=\"_blank\" rel=\"noopener\">\n\t\t\t\t\t\t\tSee Homes\n\t\t\t\t\t<\/a>\n\t\t\t\t<a href=\"https:\/\/c21fortsask.ca\/southfort-meadows\" target=\"_self\" itemprop=\"url\" rel=\"noopener\">\n\t\t\t\t<img decoding=\"async\" src=\"https:\/\/c21fortsask.ca\/files\/2025\/03\/8.jpg\" alt=\"8\" itemprop=\"image\" height=\"600\" width=\"600\" title=\"8\" onerror=\"this.style.display='none'\"  \/>\n\t\t\t\t<\/a>\n<h3><a href=\"https:\/\/c21fortsask.ca\/southfort-meadows\" target=\"_self\" rel=\"noopener\">Southfort Meadows<\/a><\/h3>\t\t\n\t\t\t<a href=\"https:\/\/c21fortsask.ca\/southfort-meadows\" target=\"_self\" rel=\"noopener\">\n\t\t\t\t\t\t\tSee Homes\n\t\t\t\t\t<\/a>\n\t\t\t\t<a href=\"https:\/\/c21fortsask.ca\/pineview\" target=\"_blank\" rel=\"noopener\" itemprop=\"url\">\n\t\t\t\t<img decoding=\"async\" src=\"https:\/\/c21fortsask.ca\/files\/2025\/03\/12.jpg\" alt=\"12\" itemprop=\"image\" height=\"600\" width=\"600\" title=\"12\" onerror=\"this.style.display='none'\"  \/>\n\t\t\t\t<\/a>\n<h3><a href=\"https:\/\/c21fortsask.ca\/pineview\" target=\"_blank\" rel=\"noopener\">Pineview<\/a><\/h3>\t\t\n\t\t\t<a href=\"https:\/\/c21fortsask.ca\/pineview\" target=\"_blank\" rel=\"noopener\">\n\t\t\t\t\t\t\tSee Homes\n\t\t\t\t\t<\/a>\n\t\t\t\t<a href=\"https:\/\/c21fortsask.ca\/old-fort\" target=\"_blank\" rel=\"noopener\" itemprop=\"url\">\n\t\t\t\t<img decoding=\"async\" src=\"https:\/\/c21fortsask.ca\/files\/2025\/03\/10.jpg\" alt=\"10\" itemprop=\"image\" height=\"600\" width=\"600\" title=\"10\" onerror=\"this.style.display='none'\"  \/>\n\t\t\t\t<\/a>\n<h3><a href=\"https:\/\/c21fortsask.ca\/old-fort\" target=\"_blank\" rel=\"noopener\">Old Fort<\/a><\/h3>\t\t\n\t\t\t<a href=\"https:\/\/c21fortsask.ca\/old-fort\" target=\"_blank\" rel=\"noopener\">\n\t\t\t\t\t\t\tSee Homes\n\t\t\t\t\t<\/a>\n\t\t\t\t<a href=\"https:\/\/c21fortsask.ca\/windsorpointe\" target=\"_blank\" rel=\"noopener\" itemprop=\"url\">\n\t\t\t\t<img decoding=\"async\" src=\"https:\/\/c21fortsask.ca\/files\/2025\/03\/20.jpg\" alt=\"Windsor Point in Fort Saskatcheawn\" itemprop=\"image\" height=\"600\" width=\"600\" title=\"Windsor Point in Fort Saskatcheawn\" onerror=\"this.style.display='none'\"  \/>\n\t\t\t\t<\/a>\n<h3><a href=\"https:\/\/c21fortsask.ca\/windsorpointe\" target=\"_blank\" rel=\"noopener\">Windsor Pointe<\/a><\/h3>\t\t\n\t\t\t<a href=\"https:\/\/c21fortsask.ca\/windsorpointe\" target=\"_blank\" rel=\"noopener\">\n\t\t\t\t\t\t\tSee Homes\n\t\t\t\t\t<\/a>\n\t\t\t\t<a href=\"https:\/\/c21fortsask.ca\/sienna\" target=\"_blank\" rel=\"noopener\" itemprop=\"url\">\n\t\t\t\t<img decoding=\"async\" src=\"https:\/\/c21fortsask.ca\/files\/2025\/03\/18.jpg\" alt=\"18\" itemprop=\"image\" height=\"600\" width=\"600\" title=\"18\" onerror=\"this.style.display='none'\"  \/>\n\t\t\t\t<\/a>\n<h3><a href=\"https:\/\/c21fortsask.ca\/sienna\" target=\"_blank\" rel=\"noopener\">Sienna<\/a><\/h3>\t\t\n\t\t\t<a href=\"https:\/\/c21fortsask.ca\/sienna\" target=\"_blank\" rel=\"noopener\">\n\t\t\t\t\t\t\tSee Homes\n\t\t\t\t\t<\/a>\n\t\t\t\t<a href=\"https:\/\/c21fortsask.ca\/southpointe\" target=\"_self\" itemprop=\"url\" rel=\"noopener\">\n\t\t\t\t<img decoding=\"async\" src=\"https:\/\/c21fortsask.ca\/files\/2025\/03\/16.jpg\" alt=\"16\" itemprop=\"image\" height=\"600\" width=\"600\" title=\"16\" onerror=\"this.style.display='none'\"  \/>\n\t\t\t\t<\/a>\n<h3><a href=\"https:\/\/c21fortsask.ca\/southpointe\" target=\"_self\" rel=\"noopener\">South Pointe<\/a><\/h3>\t\t\n\t\t\t<a href=\"https:\/\/c21fortsask.ca\/southpointe\" target=\"_self\" rel=\"noopener\">\n\t\t\t\t\t\t\tSee Homes\n\t\t\t\t\t<\/a>\n\t\t\t\t<a href=\"https:\/\/c21fortsask.ca\/westparkfortsaskatchewan\" target=\"_blank\" rel=\"noopener\" itemprop=\"url\">\n\t\t\t\t<img decoding=\"async\" src=\"https:\/\/c21fortsask.ca\/files\/2025\/03\/14.jpg\" alt=\"14\" itemprop=\"image\" height=\"600\" width=\"600\" title=\"14\" onerror=\"this.style.display='none'\"  \/>\n\t\t\t\t<\/a>\n<h3><a href=\"https:\/\/c21fortsask.ca\/westparkfortsaskatchewan\" target=\"_blank\" rel=\"noopener\">West Park<\/a><\/h3>\t\t\n\t\t\t<a href=\"https:\/\/c21fortsask.ca\/westparkfortsaskatchewan\" target=\"_blank\" rel=\"noopener\">\n\t\t\t\t\t\t\tSee Homes\n\t\t\t\t\t<\/a>\n<h3>\n\t\tDiscover Fort Saskatchewan\n\t<\/h3>\n<h3>\n\t\tAttractions\n\t<\/h3>\n\t<p>Some of the cities outdoor recreation facilities include:<\/p>\n<ul>\n<li>Boat Launch<\/li>\n<li>Campground<\/li>\n<li>Ball Parks<\/li>\n<li>Dog Park<\/li>\n<\/ul>\n<p>Also, Fort Saskatchewan boasts a 170,000 sq. ft indoor recreation complex, modern library, and swimming pool.<\/p>\n\t\t\t\t<img decoding=\"async\" src=\"https:\/\/c21fortsask.ca\/files\/2022\/08\/DSC_5945-1365x2048.jpg\" alt=\"DSC_5945\" itemprop=\"image\" height=\"1536\" width=\"1024\" title=\"DSC_5945\" onerror=\"this.style.display='none'\"  \/>\n\t\t\t\t<img decoding=\"async\" src=\"https:\/\/c21fortsask.ca\/files\/2022\/08\/DSC_5772-1365x2048.jpg\" alt=\"City Hall in Fort Saskatchewan\" itemprop=\"image\" height=\"1536\" width=\"1024\" title=\"DSC_5772\" onerror=\"this.style.display='none'\"  \/>\n<h3>\n\t\tVibe\n\t<\/h3>\n\t<p>The City is filled with music, theatre, history, art, events, and festivals that create a lively community. Further enjoy the summer farmer&#8217;s market with fresh produce, hand-crafted arts, live bands, and amazing food. Watch a show in the outdoor theatre. After that head indoors to the Sherritt Cultural Pavilion of the Dow Centennial Centre.<\/p>\n<h3>\n\t\tHistory\n\t<\/h3>\n\t<p>First founded in 1875, Fort Saskatchewan was built by the Northwest Mounted Police along the North Saskatchewan River. Then a construction boom took place in 1903, and over 50 buildings were created in one year including the area&#8217;s first bank!<\/p>\n<p>Finally, the town was legally incorporated in 1904.\u00a0 Despite this, the Fort&#8217;s population was still around 1000 residents until industries like Sherritt-Gordon arrived in the 1950s.<\/p>\n\t\t\t\t<img decoding=\"async\" src=\"https:\/\/c21fortsask.ca\/files\/2022\/08\/DSC_5918-1365x2048.jpg\" alt=\"\" itemprop=\"image\" height=\"1536\" width=\"1024\" onerror=\"this.style.display='none'\"  \/>\n\t<iframe src=\"https:\/\/www.google.com\/maps\/embed\/v1\/place?q=highway+15+and+highway+21+Fort+Saskatchewan&#038;key=AIzaSyD09zQ9PNDNNy9TadMuzRV_UsPUoWKntt8\" aria-hidden=\"true\"><\/iframe>\n\t<p>Did you know that Fort Saskatchewan has so much to offer! For example, all the outdoor trails and fun family activities are a highlight of the area. In addition to the adventures outside, the Fort has awesome local businesses to explore. Learn more about the community and the people that live here.<\/p>\n\t\t<!-- Comment to fix spacing issue\n\t-->\n\t\t<h2>0<\/h2>Households\n\t<!-- Comment to fix spacing issue\n\t-->\t\n\t\t<!-- Comment to fix spacing issue\n\t-->\n\t\t<h2>0Km<\/h2>of Recreational Trails\n\t<!-- Comment to fix spacing issue\n\t-->\t\n\t\t<!-- Comment to fix spacing issue\n\t-->\n\t\t<h2>0<\/h2>Projected 2020 Population\n\t<!-- Comment to fix spacing issue\n\t-->\t\n\t\t<!-- Comment to fix spacing issue\n\t-->\n\t\t<h2>0th<\/h2>Fastest Growing Municipality in Alberta\n\t<!-- Comment to fix spacing issue\n\t-->\t\n\t\t<!-- Comment to fix spacing issue\n\t-->\n\t\t<h2>0<\/h2>Sports Fields\n\t<!-- Comment to fix spacing issue\n\t-->\t\n\t\t<!-- Comment to fix spacing issue\n\t-->\n\t\t<h2>0<\/h2>Median Age\n\t<!-- Comment to fix spacing issue\n\t-->\t\n\t<h3>\n\t\t\t\t<a href=\"https:\/\/www.fortsask.ca\/en\/living-here\/education-and-schools.aspx\" title=\"Fort Saskatchewan Schools\" target=\"_blank\" rel=\"noopener\">\n\t\t\t\tFort Saskatchewan Schools\n\t\t\t\t<\/a>\n\t\t\t<\/h3>\n\t\t\t<p>Fort Saskatchewan has twelve schools that are governed by two different school boards. Because of the community&#8217;s growing population, the city planners have reserved land to continue to build new schools in the area. This community commitment to education has a positive impact on parents and children alike.\u00a0<\/p>\t\n\t\t\t\t\t<a href=\"javascript:void(0);\" id=\"fl-accordion--label-0\" tabindex=\"0\" aria-controls=\"fl-accordion--panel-0\">Elk Island Public Schools<\/a>\n\t\t\t\t\t\t\t\t\t\t\t<a href=\"#\" id=\"fl-accordion--icon-0\" tabindex=\"-1\" aria-controls=\"fl-accordion--panel-0\"><i>Expand<\/i><\/a>\n\t\t\t\t\t<p>\u00c9cole Parc \u00c9l\u00e9mentaire<\/p>\n<p>Fort Saskatchewan Elementary<\/p>\n<p>James Mowat Elementary<\/p>\n<p>Win Ferguson Elementary<\/p>\n<p>SouthPointe School<\/p>\n<p>Fort Saskatchewan Christian School<\/p>\n<p>Rudolph Hennig Junior High<\/p>\n<p>Fort Saskatchewan High<\/p>\n<p>Next Step Senior High &#8211; Fort Saskatchewan<\/p>\n\t\t\t\t\t<a href=\"javascript:void(0);\" id=\"fl-accordion--label-1\" tabindex=\"0\" aria-controls=\"fl-accordion--panel-1\">Elk Island Catholic Schools<\/a>\n\t\t\t\t\t\t\t\t\t\t\t<a href=\"#\" id=\"fl-accordion--icon-1\" tabindex=\"-1\" aria-controls=\"fl-accordion--panel-1\"><i>Expand<\/i><\/a>\n\t\t\t\t\t<p>Our Lady of the Angels Catholic School<\/p>\n<p>St. John XXIII Catholic School<\/p>\n<p>St. John Paul II Catholic School<\/p>\n<p>St. Andr\u00e9 Bessette Catholic School<\/p>\n\t\t<!-- Comment to fix spacing issue\n\t-->\n\t\t<h2>0<\/h2>Preschools\n\t<!-- Comment to fix spacing issue\n\t-->\t\n\t\t<!-- Comment to fix spacing issue\n\t-->\n\t\t<h2>0<\/h2>Elementary Schools\n\t<!-- Comment to fix spacing issue\n\t-->\t\n\t\t<!-- Comment to fix spacing issue\n\t-->\n\t\t<h2>0<\/h2>Junior High Schools\n\t<!-- Comment to fix spacing issue\n\t-->\t\n\t\t<!-- Comment to fix spacing issue\n\t-->\n\t\t<h2>0<\/h2>High Schools\n\t<!-- Comment to fix spacing issue\n\t-->\t\n<h2>\n\t\tMore Community Resources\n\t<\/h2>\n<h3>\n\t\tCommunity Garden\n\t<\/h3>\n\t<p>The city has two community gardens! They are designed to encourage healthy eating and give residents a chance to grow their own fruits, vegetables, flowers, and herbs.<\/p>\n<p>During the season gardeners are able to support each other and work together to have strong, healthy yields. The garden also allows for all ages to learn tips and tricks from seasoned gardeners and grow the community.<\/p>\n<p>Lastly once the season has come to a close; the city is able to donate any unclaimed produce to local non-profits.<\/p>\n<h3>\n\t\tTransportation\n\t<\/h3>\n\t<p>The Fort Saskatchewan transit system has two local bus routes that serve the community. The regions are all connected so riders are able to navigate around the city. Additionally, the transit system also connects to the Clareview LRT Station commuter bus.<\/p>\n<p>Most importantly fare tickets can be purchased for one-way travel on the bus at the time of the ride. Tickets and Passes can also be purchased at City Hall, Dow Centennial Centre, Co-op and Safeway.<\/p>\n<h3>\n\t\t<a href=\"https:\/\/www.fortsaskchamber.com\/\" title=\"Children&#039;s Programs\" target=\"_blank\" rel=\"noopener\">\n\t\tChildren&#8217;s Programs\n\t\t<\/a>\n\t<\/h3>\n\t<p>The city boasts many children&#8217;s programs for the young ones! In addition to fun, the programs are also designed for learning and parental support.<\/p>\n<p>The community has the Boys and Girls club which provides a place for every child to fit in. Consequently offering many programs in leadership, technology, and group clubs.<\/p>\n<p>Fort Saskatchewan also has the Families First Society which encourages the development and maintenance of strong family connections. As a result, they also offer the Chips program where kids and parents are able to have fun and connect in the community.<\/p>\n\t\t<h2>Ready to Take the Next Step?<\/h2>\n\t\t<p>Contact me today to start your real estate journey in Fort Saskatchewan. Whether you&#8217;re buying, selling, or just exploring your options, I&#8217;m here to help you every step of the way.<\/p>\n\t\t\t<a href=\"https:\/\/c21fortsask.ca\/search#status=active&#038;sold_days=180&#038;pstatus=1%2C11&#038;ls_conversion=acres&#038;location_search_field=10109%20104%20Ave%20NW%2C%20Edmonton%2C%20AB%20T5J%2C%20Canada&#038;drive_time=09%3A00&#038;drive_duration=15&#038;drive_avoid_ferry=1&#038;drive_departure=1&#038;ss_locale=en-CA&#038;ss_email_freq=40&#038;ss_send_zero_result=1&#038;center_lat=53.5461&#038;center_lon=-113.494&#038;pgsize=20&#038;startidx=0&#038;sort_by=10&#038;company_uuid=3341197&#038;commute=0&#038;buffer_miles=0&#038;geospatial=true&#038;agent_uuid=75236fe6-17be-4b21-b9e1-da13e7e16f52&#038;ptype=1%2C2%2C3%2C4%2C5%2C7%2C9&#038;searchType=criteria&#038;omit_hidden=true&#038;ex_pend=true&#038;currency=CAD\" target=\"_blank\" rel=\"noopener\">\n\t\t\t\t\t\t\tFind A Home\n\t\t\t\t\t<\/a>\n\t\t\t\t<img decoding=\"async\" src=\"https:\/\/c21fortsask.ca\/files\/2021\/03\/Untitled-design-1.jpg\" alt=\"Sheep Flock in Fort Saskatchewan\" itemprop=\"image\" onerror=\"this.style.display='none'\"  \/>\n<h2>\n\t\t<a href=\"https:\/\/www.fortsaskchamber.com\/\" title=\"See the Sheep\" target=\"_blank\" rel=\"noopener\">\n\t\tSee the Sheep\n\t\t<\/a>\n\t<\/h2>\n\t<p>The Fort Saskatchewan Sheep have been trimming the grass in the parks for 30 years. Visitors come from all over to see the hard-working flock graze in the scenic river valley. Most importantly lucky guests might catch the shepherd and sheepdog in action! The City also uses the sheep as an eco-friendly way of maintaining the natural beauty of the parks.<\/p>\n<p>To honour the flock you can find a large painted sheep in the City&#8217;s first roundabout. It is even large enough to be viewed by satellites in outer space!<\/p>\n\n","protected":false},"excerpt":{"rendered":"<p>Find Your Home in Fort Saskatchewan The Community The City of Fort Saskatchewan is nestled alongside the beautiful North Saskatchewan River, only 25 kilometres northeast of Edmonton. The iconic water tower is located in the charming downtown, where the city hosts bountiful farmer&#8217;s markets in the summer and ice-staking rinks in the winter. This mid-size [&hellip;]<\/p>\n","protected":false},"author":27197,"featured_media":680,"parent":0,"menu_order":0,"comment_status":"closed","ping_status":"closed","template":"","meta":{"footnotes":""},"class_list":["post-87","page","type-page","status-publish","has-post-thumbnail","hentry"],"_links":{"self":[{"href":"https:\/\/c21fortsask.ca\/fr-ca\/wp-json\/wp\/v2\/pages\/87","targetHints":{"allow":["GET"]}}],"collection":[{"href":"https:\/\/c21fortsask.ca\/fr-ca\/wp-json\/wp\/v2\/pages"}],"about":[{"href":"https:\/\/c21fortsask.ca\/fr-ca\/wp-json\/wp\/v2\/types\/page"}],"author":[{"embeddable":true,"href":"https:\/\/c21fortsask.ca\/fr-ca\/wp-json\/wp\/v2\/users\/27197"}],"replies":[{"embeddable":true,"href":"https:\/\/c21fortsask.ca\/fr-ca\/wp-json\/wp\/v2\/comments?post=87"}],"version-history":[{"count":139,"href":"https:\/\/c21fortsask.ca\/fr-ca\/wp-json\/wp\/v2\/pages\/87\/revisions"}],"predecessor-version":[{"id":1365,"href":"https:\/\/c21fortsask.ca\/fr-ca\/wp-json\/wp\/v2\/pages\/87\/revisions\/1365"}],"wp:featuredmedia":[{"embeddable":true,"href":"https:\/\/c21fortsask.ca\/fr-ca\/wp-json\/wp\/v2\/media\/680"}],"wp:attachment":[{"href":"https:\/\/c21fortsask.ca\/fr-ca\/wp-json\/wp\/v2\/media?parent=87"}],"curies":[{"name":"wp","href":"https:\/\/api.w.org\/{rel}","templated":true}]}}